{"id":775,"date":"2018-06-10T09:28:11","date_gmt":"2018-06-10T08:28:11","guid":{"rendered":"http:\/\/blog.filippoalbertini.it\/scuolaweb\/?page_id=775"},"modified":"2018-06-10T09:28:11","modified_gmt":"2018-06-10T08:28:11","slug":"privacy-policy","status":"publish","type":"page","link":"https:\/\/blog.scuolaweb.portali.app\/?page_id=775","title":{"rendered":"Privacy Policy"},"content":{"rendered":"<p><html><br \/>\n<head><br \/>\n\t<meta http-equiv=\"Content-Type\" content=\"text\/html; charset=UTF-8\"><br \/>\n\t<title><br \/>\n\tInformativa Privacy rev 20180525<br \/>\n\t<\/title><\/p>\n<style>\n\t\tbody {max-width:481.9pt;background-color:#ffffff;padding:0pt 56.7pt 0pt 56.7pt; font-size:8.5pt;font-family:\"Verdana\"; text-align:justify;}\n\t\th1   {text-align: center;font-size:20pt;font-family:\"Arial\"}\n\t\th2   {text-align: center;font-size:12pt;font-family:\"Arial\"}\n\t\th3   {text-align: left;color:#366091;font-size:14pt;font-family:\"Cambria\";font-weight:bold}\n\t<\/style>\n<p><\/head><br \/>\n<body class=\"c18\"><\/p>\n<h1>Studio Filippo Albertini<\/h1>\n<h2>Via Euclide, 7 &#8211; 47841 Cattolica RN<\/h2>\n<p><\/p>\n<h3>Informativa Privacy Policy &#8211; rev. 25\/05\/2018<\/h3>\n<h3>INFORMATIVA PER IL TRATTAMENTO DEI DATI PERSONALI<\/h3>\n<p>Informativa Privacy resa ai sensi dell\u2019art. 13 D.Lgs. 196\/2003 e degli artt. 6, 9 e da 12 a 23 del GDPR UE 2016\/679<\/p>\n<h3>Titolare<\/h3>\n<p>Titolare dei dati relativi alla gestione del servizio \u00e8 Studio Filippo Albertini &#8211; Cattolica RN<\/p>\n<h3>Dati personali raccolti<\/h3>\n<p>I dati personali che saranno trattati, con strumenti automatizzati e non, in via indicativa, ma non esaustiva, sono  Cognome e nome, Numero di telefono\/cellulare, Indirizzo email e, in generale, tutti gli ulteriori dati necessari per la fornitura dei servizi offerti.<\/p>\n<h3>Operazioni del trattamento<\/h3>\n<p>Tutte le operazioni di trattamento sui dati personali (ad. Esempio archiviazione automatizzata nel sistema informativo, organizzazione secondo le regole aziendali, conservazione e backup, consultazione) saranno effettuate nei limiti delle finalit\u00e0 e modalit\u00e0 di seguito indicate.<\/p>\n<h3>Finalit\u00e0<\/h3>\n<p>Il trattamento dei dati personali ha esclusivamente la finalit\u00e0 di prestare i servizi offerti.<\/p>\n<h3>Modalit\u00e0<\/h3>\n<p>I dati personali saranno trattati in forma cartacea e\/o con strumenti elettronici nel rispetto della normativa sulla privacy da noi o da fornitori esterni selezionati.<\/p>\n<h3>Destinatari<\/h3>\n<p>I dati non saranno diffusi a soggetti terzi.<br \/>\nIl trattamento intero o fasi di esso potranno essere eseguiti da noi o da fornitori qualificati i quali agiranno in qualit\u00e0 di responsabili esterni del trattamento.<br \/>\nI dati personali saranno trattati esclusivamente da soggetti autorizzati e formalmente incaricati, all\u2019assolvimento di tali compiti, identificati, istruiti e resi edotti dei vincoli imposti dalla legge.<\/p>\n<h3>Periodo di conservazione dei dati<\/h3>\n<p>Il trattamento dei dati personali avverr\u00e0 per tutta la durata dei servizi erogati e comunque fino all\u2019estinzione degli obblighi contrattuali o degli adempimenti di legge.<br \/>\nIl consenso potr\u00e0 essere revocato in ogni momento, e comporter\u00e0 la cancellazione dei dati, quindi la cessazione delle interviste.<\/p>\n<h3>Diritti dell\u2019interessato<\/h3>\n<p>L&#8217;Interessato potr\u00e0 conoscere l&#8217;elenco dettagliato dei destinatari ed esercite i seguenti diritti previsti dal REGOLAMENTO UE 2018\/679:<br \/>\nArt. 15 (Diritto di accesso): Lei potr\u00e0 ottenere conferma del trattamento dei suoi dati personali, l\u2019accesso agli stessi e a tutte le informazioni contenute nella presente informativa; in particolare, il titolare del trattamento Le fornir\u00e0 copia dei dati personali oggetto di trattamento dietro sua richiesta.<br \/>\nArt. 16 (Diritto di rettifica): Lei potr\u00e0 ottenere la rettifica dei dati personali inesatti che la riguardano senza ingiustificato ritardo e potr\u00e0 integrare i suoi dati personali incompleti, anche fornendo una dichiarazione integrativa.<br \/>\nArt. 17 (Diritto alla cancellazione): Lei potr\u00e0 ottenere la cancellazione dei suoi dati personali senza ingiustificato ritardo se i dati non sono pi\u00f9 necessari rispetto alle finalit\u00e0; sono stati trattati illecitamente; per un obbligo legale; se lei ha revocato il consenso o si oppone al trattamento.<br \/>\nArt. 18 (Diritto di limitazione di trattamento): Lei ha diritto di ottenere la limitazione del trattamento quando ricorre una delle seguenti ipotesi:<br \/>\na) se contesta l&#8217;esattezza dei dati personali, per il periodo necessario al titolare del trattamento per verificare l&#8217;esattezza di tali dati personali;<br \/>\nb) se il trattamento \u00e8 illecito e Lei si oppone alia cancellazione dei dati personali e chiede invece che ne sia limitato l&#8217;utilizzo;<br \/>\nc) bench\u00e9 il titolare del trattamento non ne abbia pi\u00f9 bisogno ai fini del trattamento, i dati personali sono necessari a Lei interessato per l&#8217;accertamento, l&#8217;esercito o la difesa di un diritto in sede giudiziaria;<br \/>\nd) Lei si \u00e8 opposto al trattamento, in attesa della verifica in merito all\u2019eventuale prevalenza dei motivi legittimi del titolare del trattamento rispetto ai suoi.<br \/>\nArt. 20 (Diritto alla Portabilit\u00e0 dei dati): Lei ha diritto di ricevere in un formato strutturato, di uso comune e leggibile da dispositivo automatico i dati personali che la riguardano e ha il diritto di trasmettere tali dati a un altro titolare del trattamento senza impedimenti da parte del titolare del trattamento cui li ha fomiti, qualora il trattamento si basi sul consenso o su un contratto e il trattamento sia effettuato con mezzi automatizzati.<br \/>\nArt. 21 (Diritto di opposizione): Lei ha diritto di opporsi in tutto o in parte al trattamento, quindi il titolare del trattamento si asterr\u00e0 dal trattare ulteriormente i suoi dati, salvo che dimostri l&#8217;esistenza di motivi legittimi cogenti per procedere al trattamento che prevalgono sugli interessi, sui diritti e sulle sue libert\u00e0, oppure per l&#8217;accertamento, l\u2019esercizio o la difesa di un diritto in sede giudiziaria. Qualora i dati personali siano trattati per finalit\u00e0 di marketing, Lei ha il diritto di opporsi in qualsiasi momento ai trattamento dei dati personali che la riguardano effettuato per tali finalit\u00e0, compresa la profilazione, nella misura in cui sia connessa a tale marketing diretto. Qualora i dati personali siano trattati a fini di ricerca scientifica o storica o a fini statistici Lei, per motivi connessi alla sua situazione particolare, ha il diritto di opporsi al trattamento, salvo se il trattamento \u00e8 necessario per l&#8217;esecuzione di un compito di interesse pubblico.<\/p>\n<p>Tali diritti e la facolt\u00e0 di revoca del consenso potranno essere esercitati tramite mail all\u2019 indirizzo filippo@filippoalbertini.it<\/p>\n<h3>Diritto di proporre reclamo all\u2019Autorit\u00e0 di Controllo<\/h3>\n<p>L\u2019interessato ha inoltre il diritto di proporre reclamo all\u2019Autorit\u00e0 Garante competente.<\/p>\n<\/div>\n<p><\/body><br \/>\n<\/html><\/p>\n","protected":false},"excerpt":{"rendered":"<p>Informativa Privacy rev 20180525 Studio Filippo Albertini Via Euclide, 7 &#8211; 47841 Cattolica RN Informativa Privacy Policy &#8211; rev. 25\/05\/2018 INFORMATIVA PER IL TRATTAMENTO DEI DATI PERSONALI Informativa Privacy resa ai sensi dell\u2019art. 13 D.Lgs. 196\/2003 e degli artt. 6, &hellip; <a href=\"https:\/\/blog.scuolaweb.portali.app\/?page_id=775\">Continua a leggere<span class=\"meta-nav\">&rarr;<\/span><\/a><\/p>\n","protected":false},"author":2,"featured_media":0,"parent":0,"menu_order":0,"comment_status":"closed","ping_status":"closed","template":"","meta":{"footnotes":""},"_links":{"self":[{"href":"https:\/\/blog.scuolaweb.portali.app\/index.php?rest_route=\/wp\/v2\/pages\/775"}],"collection":[{"href":"https:\/\/blog.scuolaweb.portali.app\/index.php?rest_route=\/wp\/v2\/pages"}],"about":[{"href":"https:\/\/blog.scuolaweb.portali.app\/index.php?rest_route=\/wp\/v2\/types\/page"}],"author":[{"embeddable":true,"href":"https:\/\/blog.scuolaweb.portali.app\/index.php?rest_route=\/wp\/v2\/users\/2"}],"replies":[{"embeddable":true,"href":"https:\/\/blog.scuolaweb.portali.app\/index.php?rest_route=%2Fwp%2Fv2%2Fcomments&post=775"}],"version-history":[{"count":1,"href":"https:\/\/blog.scuolaweb.portali.app\/index.php?rest_route=\/wp\/v2\/pages\/775\/revisions"}],"predecessor-version":[{"id":776,"href":"https:\/\/blog.scuolaweb.portali.app\/index.php?rest_route=\/wp\/v2\/pages\/775\/revisions\/776"}],"wp:attachment":[{"href":"https:\/\/blog.scuolaweb.portali.app\/index.php?rest_route=%2Fwp%2Fv2%2Fmedia&parent=775"}],"curies":[{"name":"wp","href":"https:\/\/api.w.org\/{rel}","templated":true}]}}